{"id":26,"date":"2022-12-13T15:19:06","date_gmt":"2022-12-13T20:19:06","guid":{"rendered":"https:\/\/ronamuleto.com\/?page_id=26"},"modified":"2025-06-25T10:42:29","modified_gmt":"2025-06-25T15:42:29","slug":"rituales","status":"publish","type":"page","link":"https:\/\/ronamuleto.com\/en\/es\/rituales\/","title":{"rendered":"Rituales"},"content":{"rendered":"\t\t<div data-elementor-type=\"wp-page\" data-elementor-id=\"26\" class=\"elementor elementor-26\" data-elementor-post-type=\"page\">\n\t\t\t\t\t\t<section class=\"elementor-section elementor-top-section elementor-element elementor-element-478b4f68 banner-interno elementor-section-boxed elementor-section-height-default elementor-section-height-default\" data-id=\"478b4f68\" data-element_type=\"section\" data-settings=\"{&quot;background_background&quot;:&quot;classic&quot;}\">\n\t\t\t\t\t\t<div class=\"elementor-container elementor-column-gap-default\">\n\t\t\t\t\t<div class=\"elementor-column elementor-col-100 elementor-top-column elementor-element elementor-element-6dbe9547\" data-id=\"6dbe9547\" data-element_type=\"column\">\n\t\t\t<div class=\"elementor-widget-wrap elementor-element-populated\">\n\t\t\t\t\t\t<div class=\"elementor-element elementor-element-227050e3 elementor-widget elementor-widget-heading\" data-id=\"227050e3\" data-element_type=\"widget\" data-widget_type=\"heading.default\">\n\t\t\t\t<div class=\"elementor-widget-container\">\n\t\t\t<h2 class=\"elementor-heading-title elementor-size-default\">RITUALES<\/h2>\t\t<\/div>\n\t\t\t\t<\/div>\n\t\t\t\t\t<\/div>\n\t\t<\/div>\n\t\t\t\t\t<\/div>\n\t\t<\/section>\n\t\t\t\t<section class=\"elementor-section elementor-top-section elementor-element elementor-element-c0d2719 elementor-section-full_width elementor-section-height-default elementor-section-height-default\" data-id=\"c0d2719\" data-element_type=\"section\" data-settings=\"{&quot;background_background&quot;:&quot;classic&quot;}\">\n\t\t\t\t\t\t<div class=\"elementor-container elementor-column-gap-default\">\n\t\t\t\t\t<div class=\"elementor-column elementor-col-100 elementor-top-column elementor-element elementor-element-1c16912\" data-id=\"1c16912\" data-element_type=\"column\">\n\t\t\t<div class=\"elementor-widget-wrap elementor-element-populated\">\n\t\t\t\t\t\t<section class=\"elementor-section elementor-inner-section elementor-element elementor-element-7902587 elementor-section-boxed elementor-section-height-default elementor-section-height-default\" data-id=\"7902587\" data-element_type=\"section\">\n\t\t\t\t\t\t<div class=\"elementor-container elementor-column-gap-default\">\n\t\t\t\t\t<div class=\"elementor-column elementor-col-100 elementor-inner-column elementor-element elementor-element-99cdd2d\" data-id=\"99cdd2d\" data-element_type=\"column\">\n\t\t\t<div class=\"elementor-widget-wrap elementor-element-populated\">\n\t\t\t\t\t\t<div class=\"elementor-element elementor-element-46f4b81 elementor-grid-eael-col-3 rituales-container elementor-grid-tablet-eael-col-2 elementor-grid-mobile-eael-col-1 elementor-widget elementor-widget-eael-post-grid\" data-id=\"46f4b81\" data-element_type=\"widget\" data-settings=\"{&quot;eael_post_grid_columns&quot;:&quot;eael-col-3&quot;,&quot;eael_post_grid_columns_tablet&quot;:&quot;eael-col-2&quot;,&quot;eael_post_grid_columns_mobile&quot;:&quot;eael-col-1&quot;}\" data-widget_type=\"eael-post-grid.default\">\n\t\t\t\t<div class=\"elementor-widget-container\">\n\t\t\t<div id=\"eael-post-grid-46f4b81\" class=\"eael-post-grid-container\">\n            <div class=\"eael-post-grid eael-post-appender eael-post-appender-46f4b81 eael-post-grid-style-one\" data-layout-mode=\"masonry\"><article class=\"eael-grid-post eael-post-grid-column\" data-id=\"349\">\n        <div class=\"eael-grid-post-holder\">\n            <div class=\"eael-grid-post-holder-inner\"><div class=\"eael-entry-media\"><div class=\"eael-entry-overlay fade-in\"><i class=\"fas fa-wine-bottle\" aria-hidden=\"true\"><\/i><a href=\"https:\/\/ronamuleto.com\/en\/es\/el-mejor-ron-de-colombia\/\"><\/a><\/div><div class=\"eael-entry-thumbnail \">\n                <img fetchpriority=\"high\" decoding=\"async\" width=\"400\" height=\"480\" src=\"https:\/\/ronamuleto.com\/en\/wp-content\/uploads\/2022\/12\/rituales-EfectoAnejamientoRonBarracas.jpg\" class=\"attachment-large size-large wp-image-905\" alt=\"\" srcset=\"https:\/\/ronamuleto.com\/en\/wp-content\/uploads\/2022\/12\/rituales-EfectoAnejamientoRonBarracas.jpg 400w, https:\/\/ronamuleto.com\/en\/wp-content\/uploads\/2022\/12\/rituales-EfectoAnejamientoRonBarracas-250x300.jpg 250w\" sizes=\"(max-width: 400px) 100vw, 400px\" \/>\n            <\/div>\n        <\/div><div class=\"eael-entry-wrapper\"><header class=\"eael-entry-header\"><h2 class=\"eael-entry-title\"><a\n                        class=\"eael-grid-post-link\"\n                        href=\"https:\/\/ronamuleto.com\/en\/es\/el-mejor-ron-de-colombia\/\"\n                        title=\"El Efecto Del A\u00f1ejamiento Del Ron En Barricas\">El Efecto Del A\u00f1ejamiento Del Ron En Barricas<\/a><\/h2><\/header><\/div><\/div>\n        <\/div>\n    <\/article><article class=\"eael-grid-post eael-post-grid-column\" data-id=\"1537\">\n        <div class=\"eael-grid-post-holder\">\n            <div class=\"eael-grid-post-holder-inner\"><div class=\"eael-entry-media\"><div class=\"eael-entry-overlay fade-in\"><i class=\"fas fa-wine-bottle\" aria-hidden=\"true\"><\/i><a href=\"https:\/\/ronamuleto.com\/en\/es\/la-magia-del-brindis\/\"><\/a><\/div><div class=\"eael-entry-thumbnail \">\n                <img decoding=\"async\" width=\"400\" height=\"480\" src=\"https:\/\/ronamuleto.com\/en\/wp-content\/uploads\/2025\/02\/Diseno-sin-titulo.png\" class=\"attachment-large size-large wp-image-1539\" alt=\"\" srcset=\"https:\/\/ronamuleto.com\/en\/wp-content\/uploads\/2025\/02\/Diseno-sin-titulo.png 400w, https:\/\/ronamuleto.com\/en\/wp-content\/uploads\/2025\/02\/Diseno-sin-titulo-250x300.png 250w\" sizes=\"(max-width: 400px) 100vw, 400px\" \/>\n            <\/div>\n        <\/div><div class=\"eael-entry-wrapper\"><header class=\"eael-entry-header\"><h2 class=\"eael-entry-title\"><a\n                        class=\"eael-grid-post-link\"\n                        href=\"https:\/\/ronamuleto.com\/en\/es\/la-magia-del-brindis\/\"\n                        title=\"La Magia del Brindis\">La Magia del Brindis<\/a><\/h2><\/header><\/div><\/div>\n        <\/div>\n    <\/article><article class=\"eael-grid-post eael-post-grid-column\" data-id=\"1942\">\n        <div class=\"eael-grid-post-holder\">\n            <div class=\"eael-grid-post-holder-inner\"><div class=\"eael-entry-media\"><div class=\"eael-entry-overlay fade-in\"><i class=\"fas fa-wine-bottle\" aria-hidden=\"true\"><\/i><a href=\"https:\/\/ronamuleto.com\/en\/es\/la-parte-de-los-angeles-el-tributo-invisible-del-ron\/\"><\/a><\/div><div class=\"eael-entry-thumbnail \">\n                <img decoding=\"async\" width=\"400\" height=\"480\" src=\"https:\/\/ronamuleto.com\/en\/wp-content\/uploads\/2025\/04\/barriles_ron_artesanal-2.png\" class=\"attachment-large size-large wp-image-2158\" alt=\"\" srcset=\"https:\/\/ronamuleto.com\/en\/wp-content\/uploads\/2025\/04\/barriles_ron_artesanal-2.png 400w, https:\/\/ronamuleto.com\/en\/wp-content\/uploads\/2025\/04\/barriles_ron_artesanal-2-250x300.png 250w\" sizes=\"(max-width: 400px) 100vw, 400px\" \/>\n            <\/div>\n        <\/div><div class=\"eael-entry-wrapper\"><header class=\"eael-entry-header\"><h2 class=\"eael-entry-title\"><a\n                        class=\"eael-grid-post-link\"\n                        href=\"https:\/\/ronamuleto.com\/en\/es\/la-parte-de-los-angeles-el-tributo-invisible-del-ron\/\"\n                        title=\"La parte de los \u00e1ngeles: el tributo invisible del ron\">La parte de los \u00e1ngeles: el tributo invisible del ron<\/a><\/h2><\/header><\/div><\/div>\n        <\/div>\n    <\/article><article class=\"eael-grid-post eael-post-grid-column\" data-id=\"2077\">\n        <div class=\"eael-grid-post-holder\">\n            <div class=\"eael-grid-post-holder-inner\"><div class=\"eael-entry-media\"><div class=\"eael-entry-overlay fade-in\"><i class=\"fas fa-wine-bottle\" aria-hidden=\"true\"><\/i><a href=\"https:\/\/ronamuleto.com\/en\/es\/ron-colombiano-con-alma-propia-que-hace-unico-a-amuleto\/\"><\/a><\/div><div class=\"eael-entry-thumbnail \">\n                <img loading=\"lazy\" decoding=\"async\" width=\"400\" height=\"480\" src=\"https:\/\/ronamuleto.com\/en\/wp-content\/uploads\/2025\/06\/ron_amuleto_alma.png\" class=\"attachment-large size-large wp-image-2162\" alt=\"\" srcset=\"https:\/\/ronamuleto.com\/en\/wp-content\/uploads\/2025\/06\/ron_amuleto_alma.png 400w, https:\/\/ronamuleto.com\/en\/wp-content\/uploads\/2025\/06\/ron_amuleto_alma-250x300.png 250w\" sizes=\"(max-width: 400px) 100vw, 400px\" \/>\n            <\/div>\n        <\/div><div class=\"eael-entry-wrapper\"><header class=\"eael-entry-header\"><h2 class=\"eael-entry-title\"><a\n                        class=\"eael-grid-post-link\"\n                        href=\"https:\/\/ronamuleto.com\/en\/es\/ron-colombiano-con-alma-propia-que-hace-unico-a-amuleto\/\"\n                        title=\"Ron colombiano con alma propia: qu\u00e9 hace \u00fanico a Amuleto\">Ron colombiano con alma propia: qu\u00e9 hace \u00fanico a Amuleto<\/a><\/h2><\/header><\/div><\/div>\n        <\/div>\n    <\/article><article class=\"eael-grid-post eael-post-grid-column\" data-id=\"2118\">\n        <div class=\"eael-grid-post-holder\">\n            <div class=\"eael-grid-post-holder-inner\"><div class=\"eael-entry-media\"><div class=\"eael-entry-overlay fade-in\"><i class=\"fas fa-wine-bottle\" aria-hidden=\"true\"><\/i><a href=\"https:\/\/ronamuleto.com\/en\/es\/que-son-los-barriles-ex-bourbon-y-por-que-anejamos-nuestro-ron-en-ellos\/\"><\/a><\/div><div class=\"eael-entry-thumbnail \">\n                <img loading=\"lazy\" decoding=\"async\" width=\"400\" height=\"480\" src=\"https:\/\/ronamuleto.com\/en\/wp-content\/uploads\/2025\/06\/barriles_ron_amuleto-1-1.png\" class=\"attachment-large size-large wp-image-2165\" alt=\"botella de ron amuleto con barriles de fondo\" srcset=\"https:\/\/ronamuleto.com\/en\/wp-content\/uploads\/2025\/06\/barriles_ron_amuleto-1-1.png 400w, https:\/\/ronamuleto.com\/en\/wp-content\/uploads\/2025\/06\/barriles_ron_amuleto-1-1-250x300.png 250w\" sizes=\"(max-width: 400px) 100vw, 400px\" \/>\n            <\/div>\n        <\/div><div class=\"eael-entry-wrapper\"><header class=\"eael-entry-header\"><h2 class=\"eael-entry-title\"><a\n                        class=\"eael-grid-post-link\"\n                        href=\"https:\/\/ronamuleto.com\/en\/es\/que-son-los-barriles-ex-bourbon-y-por-que-anejamos-nuestro-ron-en-ellos\/\"\n                        title=\"\u00bfQu\u00e9 son los barriles ex-bourbon y por qu\u00e9 a\u00f1ejamos nuestro ron en ellos?\">\u00bfQu\u00e9 son los barriles ex-bourbon y por qu\u00e9 a\u00f1ejamos nuestro ron en ellos?<\/a><\/h2><\/header><\/div><\/div>\n        <\/div>\n    <\/article><\/div>\n            <div class=\"clearfix\"><\/div>\n        <\/div>\t\t<\/div>\n\t\t\t\t<\/div>\n\t\t\t\t\t<\/div>\n\t\t<\/div>\n\t\t\t\t\t<\/div>\n\t\t<\/section>\n\t\t\t\t\t<\/div>\n\t\t<\/div>\n\t\t\t\t\t<\/div>\n\t\t<\/section>\n\t\t\t\t<\/div>\n\t\t","protected":false},"excerpt":{"rendered":"<p>RITUALES El Efecto Del A\u00f1ejamiento Del Ron En Barricas La Magia del Brindis La parte de los \u00e1ngeles: el tributo invisible del ron Ron colombiano con alma propia: qu\u00e9 hace \u00fanico a Amuleto \u00bfQu\u00e9 son los barriles ex-bourbon y por qu\u00e9 a\u00f1ejamos nuestro ron en ellos?<\/p>\n","protected":false},"author":4,"featured_media":0,"parent":0,"menu_order":0,"comment_status":"closed","ping_status":"closed","template":"","meta":{"footnotes":""},"class_list":["post-26","page","type-page","status-publish","hentry"],"yoast_head":"<!-- This site is optimized with the Yoast SEO plugin v24.9 - https:\/\/yoast.com\/wordpress\/plugins\/seo\/ -->\n<title>Rituales con Ron Amuleto: Descubre Nuevas Formas de Disfrutar el Mejor Ron Blanco Artesanal<\/title>\n<meta name=\"description\" content=\"Explora los rituales \u00fanicos de Ron Amuleto y descubre c\u00f3mo hacer que cada trago de nuestro ron blanco artesanal sea una experiencia inolvidable. Conoce las tradiciones y rituales que realzan el sabor y la calidad del mejor ron del mercado. \u00a1Descubre m\u00e1s aqu\u00ed!\" \/>\n<meta name=\"robots\" content=\"index, follow, max-snippet:-1, max-image-preview:large, max-video-preview:-1\" \/>\n<link rel=\"canonical\" href=\"https:\/\/ronamuleto.com\/en\/es\/rituales\/\" \/>\n<meta property=\"og:locale\" content=\"en_US\" \/>\n<meta property=\"og:type\" content=\"article\" \/>\n<meta property=\"og:title\" content=\"Rituales con Ron Amuleto: Descubre Nuevas Formas de Disfrutar el Mejor Ron Blanco Artesanal\" \/>\n<meta property=\"og:description\" content=\"Explora los rituales \u00fanicos de Ron Amuleto y descubre c\u00f3mo hacer que cada trago de nuestro ron blanco artesanal sea una experiencia inolvidable. Conoce las tradiciones y rituales que realzan el sabor y la calidad del mejor ron del mercado. \u00a1Descubre m\u00e1s aqu\u00ed!\" \/>\n<meta property=\"og:url\" content=\"https:\/\/ronamuleto.com\/en\/es\/rituales\/\" \/>\n<meta property=\"og:site_name\" content=\"Ron Amuleto\" \/>\n<meta property=\"article:publisher\" content=\"https:\/\/www.facebook.com\/ronamuleto\/\" \/>\n<meta property=\"article:modified_time\" content=\"2025-06-25T15:42:29+00:00\" \/>\n<meta property=\"og:image\" content=\"https:\/\/ronamuleto.com\/en\/wp-content\/uploads\/2024\/11\/ron-amuleto.png\" \/>\n\t<meta property=\"og:image:width\" content=\"2084\" \/>\n\t<meta property=\"og:image:height\" content=\"2084\" \/>\n\t<meta property=\"og:image:type\" content=\"image\/png\" \/>\n<meta name=\"twitter:card\" content=\"summary_large_image\" \/>\n<meta name=\"twitter:title\" content=\"Rituales con Ron Amuleto: Descubre Nuevas Formas de Disfrutar el Mejor Ron Blanco Artesanal\" \/>\n<meta name=\"twitter:description\" content=\"Explora los rituales \u00fanicos de Ron Amuleto y descubre c\u00f3mo hacer que cada trago de nuestro ron blanco artesanal sea una experiencia inolvidable. Conoce las tradiciones y rituales que realzan el sabor y la calidad del mejor ron del mercado. \u00a1Descubre m\u00e1s aqu\u00ed!\" \/>\n<meta name=\"twitter:image\" content=\"https:\/\/ronamuleto.com\/en\/wp-content\/uploads\/2024\/11\/ron-amuleto.png\" \/>\n<meta name=\"twitter:label1\" content=\"Est. reading time\" \/>\n\t<meta name=\"twitter:data1\" content=\"1 minute\" \/>\n<script type=\"application\/ld+json\" class=\"yoast-schema-graph\">{\"@context\":\"https:\/\/schema.org\",\"@graph\":[{\"@type\":\"WebPage\",\"@id\":\"https:\/\/ronamuleto.com\/en\/es\/rituales\/\",\"url\":\"https:\/\/ronamuleto.com\/en\/es\/rituales\/\",\"name\":\"Rituales con Ron Amuleto: Descubre Nuevas Formas de Disfrutar el Mejor Ron Blanco Artesanal\",\"isPartOf\":{\"@id\":\"https:\/\/ronamuleto.com\/en\/#website\"},\"primaryImageOfPage\":{\"@id\":\"https:\/\/ronamuleto.com\/en\/es\/rituales\/#primaryimage\"},\"image\":{\"@id\":\"https:\/\/ronamuleto.com\/en\/es\/rituales\/#primaryimage\"},\"thumbnailUrl\":\"https:\/\/ronamuleto.com\/en\/wp-content\/uploads\/2022\/12\/rituales-EfectoAnejamientoRonBarracas.jpg\",\"datePublished\":\"2022-12-13T20:19:06+00:00\",\"dateModified\":\"2025-06-25T15:42:29+00:00\",\"description\":\"Explora los rituales \u00fanicos de Ron Amuleto y descubre c\u00f3mo hacer que cada trago de nuestro ron blanco artesanal sea una experiencia inolvidable. Conoce las tradiciones y rituales que realzan el sabor y la calidad del mejor ron del mercado. \u00a1Descubre m\u00e1s aqu\u00ed!\",\"breadcrumb\":{\"@id\":\"https:\/\/ronamuleto.com\/en\/es\/rituales\/#breadcrumb\"},\"inLanguage\":\"en-US\",\"potentialAction\":[{\"@type\":\"ReadAction\",\"target\":[\"https:\/\/ronamuleto.com\/en\/es\/rituales\/\"]}]},{\"@type\":\"ImageObject\",\"inLanguage\":\"en-US\",\"@id\":\"https:\/\/ronamuleto.com\/en\/es\/rituales\/#primaryimage\",\"url\":\"https:\/\/ronamuleto.com\/en\/wp-content\/uploads\/2022\/12\/rituales-EfectoAnejamientoRonBarracas.jpg\",\"contentUrl\":\"https:\/\/ronamuleto.com\/en\/wp-content\/uploads\/2022\/12\/rituales-EfectoAnejamientoRonBarracas.jpg\",\"width\":400,\"height\":480},{\"@type\":\"BreadcrumbList\",\"@id\":\"https:\/\/ronamuleto.com\/en\/es\/rituales\/#breadcrumb\",\"itemListElement\":[{\"@type\":\"ListItem\",\"position\":1,\"name\":\"Inicio\",\"item\":\"https:\/\/ronamuleto.com\/en\/\"},{\"@type\":\"ListItem\",\"position\":2,\"name\":\"Rituales\"}]},{\"@type\":\"WebSite\",\"@id\":\"https:\/\/ronamuleto.com\/en\/#website\",\"url\":\"https:\/\/ronamuleto.com\/en\/\",\"name\":\"ronamuleto.com\",\"description\":\"Ron Amuleto - 100% Destilado y A\u00f1ejado\u00a0en\u00a0Colombia\",\"publisher\":{\"@id\":\"https:\/\/ronamuleto.com\/en\/#organization\"},\"alternateName\":\"Ron Amuleto\",\"potentialAction\":[{\"@type\":\"SearchAction\",\"target\":{\"@type\":\"EntryPoint\",\"urlTemplate\":\"https:\/\/ronamuleto.com\/en\/?s={search_term_string}\"},\"query-input\":{\"@type\":\"PropertyValueSpecification\",\"valueRequired\":true,\"valueName\":\"search_term_string\"}}],\"inLanguage\":\"en-US\"},{\"@type\":\"Organization\",\"@id\":\"https:\/\/ronamuleto.com\/en\/#organization\",\"name\":\"Ron Amuleto\",\"alternateName\":\"Ron Amuleto\",\"url\":\"https:\/\/ronamuleto.com\/en\/\",\"logo\":{\"@type\":\"ImageObject\",\"inLanguage\":\"en-US\",\"@id\":\"https:\/\/ronamuleto.com\/en\/#\/schema\/logo\/image\/\",\"url\":\"https:\/\/ronamuleto.com\/en\/wp-content\/uploads\/2024\/11\/ron-amuleto.png\",\"contentUrl\":\"https:\/\/ronamuleto.com\/en\/wp-content\/uploads\/2024\/11\/ron-amuleto.png\",\"width\":2084,\"height\":2084,\"caption\":\"Ron Amuleto\"},\"image\":{\"@id\":\"https:\/\/ronamuleto.com\/en\/#\/schema\/logo\/image\/\"},\"sameAs\":[\"https:\/\/www.facebook.com\/ronamuleto\/\",\"https:\/\/www.instagram.com\/ronamuleto\/\"]}]}<\/script>\n<!-- \/ Yoast SEO plugin. -->","yoast_head_json":{"title":"Rituales con Ron Amuleto: Descubre Nuevas Formas de Disfrutar el Mejor Ron Blanco Artesanal","description":"Explora los rituales \u00fanicos de Ron Amuleto y descubre c\u00f3mo hacer que cada trago de nuestro ron blanco artesanal sea una experiencia inolvidable. Conoce las tradiciones y rituales que realzan el sabor y la calidad del mejor ron del mercado. \u00a1Descubre m\u00e1s aqu\u00ed!","robots":{"index":"index","follow":"follow","max-snippet":"max-snippet:-1","max-image-preview":"max-image-preview:large","max-video-preview":"max-video-preview:-1"},"canonical":"https:\/\/ronamuleto.com\/en\/es\/rituales\/","og_locale":"en_US","og_type":"article","og_title":"Rituales con Ron Amuleto: Descubre Nuevas Formas de Disfrutar el Mejor Ron Blanco Artesanal","og_description":"Explora los rituales \u00fanicos de Ron Amuleto y descubre c\u00f3mo hacer que cada trago de nuestro ron blanco artesanal sea una experiencia inolvidable. Conoce las tradiciones y rituales que realzan el sabor y la calidad del mejor ron del mercado. \u00a1Descubre m\u00e1s aqu\u00ed!","og_url":"https:\/\/ronamuleto.com\/en\/es\/rituales\/","og_site_name":"Ron Amuleto","article_publisher":"https:\/\/www.facebook.com\/ronamuleto\/","article_modified_time":"2025-06-25T15:42:29+00:00","og_image":[{"width":2084,"height":2084,"url":"https:\/\/ronamuleto.com\/en\/wp-content\/uploads\/2024\/11\/ron-amuleto.png","type":"image\/png"}],"twitter_card":"summary_large_image","twitter_title":"Rituales con Ron Amuleto: Descubre Nuevas Formas de Disfrutar el Mejor Ron Blanco Artesanal","twitter_description":"Explora los rituales \u00fanicos de Ron Amuleto y descubre c\u00f3mo hacer que cada trago de nuestro ron blanco artesanal sea una experiencia inolvidable. Conoce las tradiciones y rituales que realzan el sabor y la calidad del mejor ron del mercado. \u00a1Descubre m\u00e1s aqu\u00ed!","twitter_image":"https:\/\/ronamuleto.com\/en\/wp-content\/uploads\/2024\/11\/ron-amuleto.png","twitter_misc":{"Est. reading time":"1 minute"},"schema":{"@context":"https:\/\/schema.org","@graph":[{"@type":"WebPage","@id":"https:\/\/ronamuleto.com\/en\/es\/rituales\/","url":"https:\/\/ronamuleto.com\/en\/es\/rituales\/","name":"Rituales con Ron Amuleto: Descubre Nuevas Formas de Disfrutar el Mejor Ron Blanco Artesanal","isPartOf":{"@id":"https:\/\/ronamuleto.com\/en\/#website"},"primaryImageOfPage":{"@id":"https:\/\/ronamuleto.com\/en\/es\/rituales\/#primaryimage"},"image":{"@id":"https:\/\/ronamuleto.com\/en\/es\/rituales\/#primaryimage"},"thumbnailUrl":"https:\/\/ronamuleto.com\/en\/wp-content\/uploads\/2022\/12\/rituales-EfectoAnejamientoRonBarracas.jpg","datePublished":"2022-12-13T20:19:06+00:00","dateModified":"2025-06-25T15:42:29+00:00","description":"Explora los rituales \u00fanicos de Ron Amuleto y descubre c\u00f3mo hacer que cada trago de nuestro ron blanco artesanal sea una experiencia inolvidable. Conoce las tradiciones y rituales que realzan el sabor y la calidad del mejor ron del mercado. \u00a1Descubre m\u00e1s aqu\u00ed!","breadcrumb":{"@id":"https:\/\/ronamuleto.com\/en\/es\/rituales\/#breadcrumb"},"inLanguage":"en-US","potentialAction":[{"@type":"ReadAction","target":["https:\/\/ronamuleto.com\/en\/es\/rituales\/"]}]},{"@type":"ImageObject","inLanguage":"en-US","@id":"https:\/\/ronamuleto.com\/en\/es\/rituales\/#primaryimage","url":"https:\/\/ronamuleto.com\/en\/wp-content\/uploads\/2022\/12\/rituales-EfectoAnejamientoRonBarracas.jpg","contentUrl":"https:\/\/ronamuleto.com\/en\/wp-content\/uploads\/2022\/12\/rituales-EfectoAnejamientoRonBarracas.jpg","width":400,"height":480},{"@type":"BreadcrumbList","@id":"https:\/\/ronamuleto.com\/en\/es\/rituales\/#breadcrumb","itemListElement":[{"@type":"ListItem","position":1,"name":"Inicio","item":"https:\/\/ronamuleto.com\/en\/"},{"@type":"ListItem","position":2,"name":"Rituales"}]},{"@type":"WebSite","@id":"https:\/\/ronamuleto.com\/en\/#website","url":"https:\/\/ronamuleto.com\/en\/","name":"ronamuleto.com","description":"Ron Amuleto - 100% Destilado y A\u00f1ejado\u00a0en\u00a0Colombia","publisher":{"@id":"https:\/\/ronamuleto.com\/en\/#organization"},"alternateName":"Ron Amuleto","potentialAction":[{"@type":"SearchAction","target":{"@type":"EntryPoint","urlTemplate":"https:\/\/ronamuleto.com\/en\/?s={search_term_string}"},"query-input":{"@type":"PropertyValueSpecification","valueRequired":true,"valueName":"search_term_string"}}],"inLanguage":"en-US"},{"@type":"Organization","@id":"https:\/\/ronamuleto.com\/en\/#organization","name":"Ron Amuleto","alternateName":"Ron Amuleto","url":"https:\/\/ronamuleto.com\/en\/","logo":{"@type":"ImageObject","inLanguage":"en-US","@id":"https:\/\/ronamuleto.com\/en\/#\/schema\/logo\/image\/","url":"https:\/\/ronamuleto.com\/en\/wp-content\/uploads\/2024\/11\/ron-amuleto.png","contentUrl":"https:\/\/ronamuleto.com\/en\/wp-content\/uploads\/2024\/11\/ron-amuleto.png","width":2084,"height":2084,"caption":"Ron Amuleto"},"image":{"@id":"https:\/\/ronamuleto.com\/en\/#\/schema\/logo\/image\/"},"sameAs":["https:\/\/www.facebook.com\/ronamuleto\/","https:\/\/www.instagram.com\/ronamuleto\/"]}]}},"_links":{"self":[{"href":"https:\/\/ronamuleto.com\/en\/wp-json\/wp\/v2\/pages\/26","targetHints":{"allow":["GET"]}}],"collection":[{"href":"https:\/\/ronamuleto.com\/en\/wp-json\/wp\/v2\/pages"}],"about":[{"href":"https:\/\/ronamuleto.com\/en\/wp-json\/wp\/v2\/types\/page"}],"author":[{"embeddable":true,"href":"https:\/\/ronamuleto.com\/en\/wp-json\/wp\/v2\/users\/4"}],"replies":[{"embeddable":true,"href":"https:\/\/ronamuleto.com\/en\/wp-json\/wp\/v2\/comments?post=26"}],"version-history":[{"count":0,"href":"https:\/\/ronamuleto.com\/en\/wp-json\/wp\/v2\/pages\/26\/revisions"}],"wp:attachment":[{"href":"https:\/\/ronamuleto.com\/en\/wp-json\/wp\/v2\/media?parent=26"}],"curies":[{"name":"wp","href":"https:\/\/api.w.org\/{rel}","templated":true}]}}